{"id":187,"date":"2024-02-13T16:10:35","date_gmt":"2024-02-13T15:10:35","guid":{"rendered":"https:\/\/nextbike-live.pluspol-networks.de\/wupsiRad\/?page_id=187"},"modified":"2026-03-19T16:54:02","modified_gmt":"2026-03-19T15:54:02","slug":"partner","status":"publish","type":"page","link":"https:\/\/www.wupsirad.de\/leverkusen\/de\/partner\/","title":{"rendered":"Partner"},"content":{"rendered":"<div class=\"wpb-content-wrapper\"><p>[vc_row][vc_column][vc_column_text]<\/p>\n<h1 style=\"text-align: center;\">Partner<\/h1>\n<h3 style=\"text-align: center;\"><strong>Alle mit VRS-Chipkarte genie\u00dfen Freiminuten<\/strong><\/h3>\n<p>[\/vc_column_text][\/vc_column][\/vc_row][vc_row ppi_row_padding=&#8220;ppi_remove_padding_top&#8220;][vc_column width=&#8220;1\/6&#8243;][vc_icon icon_fontawesome=&#8220;fas fa-university&#8220; color=&#8220;custom&#8220; size=&#8220;lg&#8220; custom_color=&#8220;#e30613&#8243;][\/vc_column][vc_column width=&#8220;5\/6&#8243;][vc_tta_accordion active_section=&#8220;0&#8243; collapsible_all=&#8220;true&#8220; title=&#8220;Verkn\u00fcpfung&#8220;][vc_tta_section title=&#8220;So geht&#8217;s&#8220; tab_id=&#8220;institutionen7581-60cbd5b2-f7f6&#8243;][vc_column_text css=&#8220;&#8220;]Verkn\u00fcpfe deine VRS-Chipkarte Verkn\u00fcpfe deine \/ digitales KVB-Abo in der nextbike App. \u00d6ffne das Wallet und w\u00e4hle<br \/>\nentweder \u201eVRS-Chipkarten-Inhaber (wupsiRad Leverkusen)\u201c oder \u201ewupsiRad Barcode\u201c aus und gib deine Chipkartennummer bzw. die Kundennummer aus der Ticket-E-Mail ein. Deine Kundennummer findest du auch in der wupsiApp, unter dem Men\u00fcpunkt \u201eAbo\u201c.<\/p>\n<p>Schon erh\u00e4ltst du bei folgenden Ausleihen Verg\u00fcnstigungen.<\/p>\n<p class=\"m_-651515821352470658MsoListParagraph\"><strong>Du hast eine\u00a0neue Chipkarte bekommen?<u><\/u><u><\/u><\/strong><\/p>\n<p>L\u00f6sche im Wallet deiner nextbike App deine bestehende Verkn\u00fcpfung und wiederhole den Verkn\u00fcpfungsprozess mit deiner neuen Chipkarte. Dann f\u00fcr die n\u00e4chste Ausleihe die neue Chipkarte nutzen und diese an den Sensor am Hinterrad halten, um die neue Karte mit dem Kundenkonto zu verkn\u00fcpfen.[\/vc_column_text][\/vc_tta_section][\/vc_tta_accordion][\/vc_column][\/vc_row][vc_row ppi_row_padding=&#8220;ppi_remove_padding_top&#8220;][vc_column width=&#8220;1\/6&#8243;][vc_icon icon_fontawesome=&#8220;fas fa-tags&#8220; color=&#8220;custom&#8220; size=&#8220;lg&#8220; custom_color=&#8220;#e30613&#8243;][\/vc_column][vc_column width=&#8220;5\/6&#8243;][vc_tta_accordion active_section=&#8220;0&#8243; collapsible_all=&#8220;true&#8220; title=&#8220;Konditionen&#8220;][vc_tta_section title=&#8220;Genie\u00dft Freiminuten&#8220; tab_id=&#8220;institutionen1bd3-bd61d5b2-f7f6&#8243;][vc_column_text css=&#8220;&#8220;]Bei jeder Ausleihe eines Standardrads in Leverkusen sind die ersten 30 Minuten frei, bei Ausleihe eines E-Bikes sind die ersten 30 Minuten auf 1 \u20ac reduziert, bei Ausleihe eines E-Cargobikes sind die ersten 30 Minuten auf 1,50 \u20ac reduziert. Bei mehreren parallelen Ausleihen gilt die Verg\u00fcnstigung nur f\u00fcr das erste Rad. Weitere R\u00e4der werden im lokalen Basistarif abgerechnet.<\/p>\n<p>Verg\u00fcnstigungen werden auch in weiteren St\u00e4dten im VRS-Gebiet gew\u00e4hrt.[\/vc_column_text][\/vc_tta_section][\/vc_tta_accordion][\/vc_column][\/vc_row][vc_row ppi_row_padding=&#8220;ppi_remove_padding_top&#8220;][vc_column width=&#8220;1\/6&#8243;][vc_icon icon_fontawesome=&#8220;fas fa-city&#8220; color=&#8220;custom&#8220; size=&#8220;lg&#8220; custom_color=&#8220;#e30613&#8243;][\/vc_column][vc_column width=&#8220;5\/6&#8243;][vc_tta_accordion active_section=&#8220;0&#8243; collapsible_all=&#8220;true&#8220; title=&#8220;Verg\u00fcnstigungen in anderen VRS-St\u00e4dten und -Gemeinden&#8220;][vc_tta_section title=&#8220;Wo gibt&#8217;s noch Freiminuten?&#8220; tab_id=&#8220;1698314500215-4975e639-d5dcd5b2-f7f6&#8243;][vc_column_text css=&#8220;&#8220;]Du kannst auch in weiteren St\u00e4dten\/Regionen im VRS-Gebiet Vorteile genie\u00dfen, wenn du in der nextbike App bei diesen deine Chipkartennummer hinterlegst. Details zu den Sonderkonditionen k\u00f6nnen der jeweiligen Webseite entnommen werden:<\/p>\n<ul>\n<li><a href=\"https:\/\/www.kvb-rad.de\/koeln\/de\/\" target=\"_blank\" rel=\"noopener noreferrer\">KVB-Rad K\u00f6ln<\/a><\/li>\n<li><a href=\"https:\/\/www.nextbike.de\/bergisches-ebike\/de\" target=\"_blank\" rel=\"noopener noreferrer\">Bergisches E-Bike<\/a><\/li>\n<li><a href=\"https:\/\/www.nextbike.de\/mobic\/de\/\">mobic<\/a><\/li>\n<li><a href=\"https:\/\/www.welo-bike.de\/de\/\">welo<\/a><\/li>\n<\/ul>\n<p>[\/vc_column_text][\/vc_tta_section][\/vc_tta_accordion][\/vc_column][\/vc_row][vc_row ppi_row_padding=&#8220;ppi_remove_padding_top&#8220;][vc_column width=&#8220;1\/6&#8243;][vc_icon icon_fontawesome=&#8220;fas fa-certificate&#8220; color=&#8220;custom&#8220; size=&#8220;lg&#8220; custom_color=&#8220;#e30613&#8243;][\/vc_column][vc_column width=&#8220;5\/6&#8243;][vc_tta_accordion active_section=&#8220;0&#8243; collapsible_all=&#8220;true&#8220; title=&#8220;G\u00fcltigkeit&#8220;][vc_tta_section title=&#8220;Wie lange gelten die Sonderkonditionen?&#8220; tab_id=&#8220;1698314622760-9dd67ea5-c2fbd5b2-f7f6&#8243;][vc_column_text css=&#8220;&#8220;]<\/p>\n<div class=\"col-xs-12 col-sm-12 col-md-4 small-padding-md\">\n<div class=\"row\">\n<div class=\"col-xs-12 col-sm-12 text-center\">\n<p style=\"text-align: left;\">Die Verg\u00fcnstigungen gelten f\u00fcr alle mit VRS-Chipkarten oder digitalem KVB-Abo ab dem Alter von 16 Jahren.<\/p>\n<p style=\"text-align: left;\">Bei jeder Ausleihe eines Standardrads in Leverkusen sind die ersten 30 Minuten frei, bei Ausleihe eines E-Bikes sind die ersten 30 Minuten auf 1 \u20ac reduziert, bei Ausleihe eines E-Cargobikes sind die ersten 30 Minuten auf 1,50 \u20ac reduziert. Bei mehreren parallelen Ausleihen gilt die Verg\u00fcnstigung nur f\u00fcr das erste Rad. Weitere R\u00e4der werden im lokalen Basistarif abgerechnet.<\/p>\n<p style=\"text-align: left;\">Verg\u00fcnstigungen werden auch in weiteren St\u00e4dten im VRS-Gebiet gew\u00e4hrt.<\/p>\n<\/div>\n<\/div>\n<\/div>\n<p>[\/vc_column_text][\/vc_tta_section][\/vc_tta_accordion][\/vc_column][\/vc_row]<\/p>\n<\/div>","protected":false},"excerpt":{"rendered":"<p>[vc_row][vc_column][vc_column_text] Partner Alle mit VRS-Chipkarte genie\u00dfen Freiminuten [\/vc_column_text][\/vc_column][\/vc_row][vc_row ppi_row_padding=&#8220;ppi_remove_padding_top&#8220;][vc_column width=&#8220;1\/6&#8243;][vc_icon icon_fontawesome=&#8220;fas fa-university&#8220; color=&#8220;custom&#8220; size=&#8220;lg&#8220; custom_color=&#8220;#e30613&#8243;][\/vc_column][vc_column width=&#8220;5\/6&#8243;][vc_tta_accordion active_section=&#8220;0&#8243; collapsible_all=&#8220;true&#8220; title=&#8220;Verkn\u00fcpfung&#8220;][vc_tta_section title=&#8220;So geht&#8217;s&#8220; tab_id=&#8220;institutionen7581-60cbd5b2-f7f6&#8243;][vc_column_text css=&#8220;&#8220;]Verkn\u00fcpfe deine VRS-Chipkarte Verkn\u00fcpfe deine \/ digitales KVB-Abo in der nextbike App. \u00d6ffne das Wallet und w\u00e4hle entweder \u201eVRS-Chipkarten-Inhaber (wupsiRad Leverkusen)\u201c oder \u201ewupsiRad Barcode\u201c aus und gib deine Chipkartennummer bzw. die Kundennummer aus [&hellip;]<\/p>\n","protected":false},"author":13,"featured_media":0,"parent":0,"menu_order":0,"comment_status":"closed","ping_status":"closed","template":"page-bubble.php","meta":{"_acf_changed":false,"inline_featured_image":false,"footnotes":""},"class_list":["post-187","page","type-page","status-publish","hentry"],"acf":[],"yoast_head":"<!-- This site is optimized with the Yoast SEO plugin v27.2 - https:\/\/yoast.com\/product\/yoast-seo-wordpress\/ -->\n<title>Partner - WupsiRad<\/title>\n<meta name=\"description\" content=\"Genie\u00dfe Verg\u00fcnstigungen mit deiner VRS-Chipkarte in Leverkusen und in weiteren St\u00e4dten. Verkn\u00fcpfe jetzt dein Konto.\" \/>\n<meta name=\"robots\" content=\"index, follow, max-snippet:-1, max-image-preview:large, max-video-preview:-1\" \/>\n<link rel=\"canonical\" href=\"https:\/\/www.wupsirad.de\/leverkusen\/de\/partner\/\" \/>\n<meta property=\"og:locale\" content=\"de_DE\" \/>\n<meta property=\"og:type\" content=\"article\" \/>\n<meta property=\"og:title\" content=\"Partner - WupsiRad\" \/>\n<meta property=\"og:description\" content=\"Genie\u00dfe Verg\u00fcnstigungen mit deiner VRS-Chipkarte in Leverkusen und in weiteren St\u00e4dten. Verkn\u00fcpfe jetzt dein Konto.\" \/>\n<meta property=\"og:url\" content=\"https:\/\/www.wupsirad.de\/leverkusen\/de\/partner\/\" \/>\n<meta property=\"og:site_name\" content=\"WupsiRad\" \/>\n<meta property=\"article:modified_time\" content=\"2026-03-19T15:54:02+00:00\" \/>\n<meta name=\"twitter:card\" content=\"summary_large_image\" \/>\n<meta name=\"twitter:label1\" content=\"Gesch\u00e4tzte Lesezeit\" \/>\n\t<meta name=\"twitter:data1\" content=\"2\u00a0Minuten\" \/>\n<script type=\"application\/ld+json\" class=\"yoast-schema-graph\">{\"@context\":\"https:\/\/schema.org\",\"@graph\":[{\"@type\":\"WebPage\",\"@id\":\"https:\/\/www.wupsirad.de\/leverkusen\/de\/partner\/\",\"url\":\"https:\/\/www.wupsirad.de\/leverkusen\/de\/partner\/\",\"name\":\"Partner - WupsiRad\",\"isPartOf\":{\"@id\":\"https:\/\/www.wupsirad.de\/leverkusen\/de\/#website\"},\"datePublished\":\"2024-02-13T15:10:35+00:00\",\"dateModified\":\"2026-03-19T15:54:02+00:00\",\"description\":\"Genie\u00dfe Verg\u00fcnstigungen mit deiner VRS-Chipkarte in Leverkusen und in weiteren St\u00e4dten. Verkn\u00fcpfe jetzt dein Konto.\",\"breadcrumb\":{\"@id\":\"https:\/\/www.wupsirad.de\/leverkusen\/de\/partner\/#breadcrumb\"},\"inLanguage\":\"de\",\"potentialAction\":[{\"@type\":\"ReadAction\",\"target\":[\"https:\/\/www.wupsirad.de\/leverkusen\/de\/partner\/\"]}]},{\"@type\":\"BreadcrumbList\",\"@id\":\"https:\/\/www.wupsirad.de\/leverkusen\/de\/partner\/#breadcrumb\",\"itemListElement\":[{\"@type\":\"ListItem\",\"position\":1,\"name\":\"Startseite\",\"item\":\"https:\/\/www.wupsirad.de\/leverkusen\/de\/\"},{\"@type\":\"ListItem\",\"position\":2,\"name\":\"Partner\"}]},{\"@type\":\"WebSite\",\"@id\":\"https:\/\/www.wupsirad.de\/leverkusen\/de\/#website\",\"url\":\"https:\/\/www.wupsirad.de\/leverkusen\/de\/\",\"name\":\"WupsiRad\",\"description\":\"App downloaden und nextbike by TIER in Lahr fahren!\",\"potentialAction\":[{\"@type\":\"SearchAction\",\"target\":{\"@type\":\"EntryPoint\",\"urlTemplate\":\"https:\/\/www.wupsirad.de\/leverkusen\/de\/?s={search_term_string}\"},\"query-input\":{\"@type\":\"PropertyValueSpecification\",\"valueRequired\":true,\"valueName\":\"search_term_string\"}}],\"inLanguage\":\"de\"}]}<\/script>\n<!-- \/ Yoast SEO plugin. -->","yoast_head_json":{"title":"Partner - WupsiRad","description":"Genie\u00dfe Verg\u00fcnstigungen mit deiner VRS-Chipkarte in Leverkusen und in weiteren St\u00e4dten. Verkn\u00fcpfe jetzt dein Konto.","robots":{"index":"index","follow":"follow","max-snippet":"max-snippet:-1","max-image-preview":"max-image-preview:large","max-video-preview":"max-video-preview:-1"},"canonical":"https:\/\/www.wupsirad.de\/leverkusen\/de\/partner\/","og_locale":"de_DE","og_type":"article","og_title":"Partner - WupsiRad","og_description":"Genie\u00dfe Verg\u00fcnstigungen mit deiner VRS-Chipkarte in Leverkusen und in weiteren St\u00e4dten. Verkn\u00fcpfe jetzt dein Konto.","og_url":"https:\/\/www.wupsirad.de\/leverkusen\/de\/partner\/","og_site_name":"WupsiRad","article_modified_time":"2026-03-19T15:54:02+00:00","twitter_card":"summary_large_image","twitter_misc":{"Gesch\u00e4tzte Lesezeit":"2\u00a0Minuten"},"schema":{"@context":"https:\/\/schema.org","@graph":[{"@type":"WebPage","@id":"https:\/\/www.wupsirad.de\/leverkusen\/de\/partner\/","url":"https:\/\/www.wupsirad.de\/leverkusen\/de\/partner\/","name":"Partner - WupsiRad","isPartOf":{"@id":"https:\/\/www.wupsirad.de\/leverkusen\/de\/#website"},"datePublished":"2024-02-13T15:10:35+00:00","dateModified":"2026-03-19T15:54:02+00:00","description":"Genie\u00dfe Verg\u00fcnstigungen mit deiner VRS-Chipkarte in Leverkusen und in weiteren St\u00e4dten. Verkn\u00fcpfe jetzt dein Konto.","breadcrumb":{"@id":"https:\/\/www.wupsirad.de\/leverkusen\/de\/partner\/#breadcrumb"},"inLanguage":"de","potentialAction":[{"@type":"ReadAction","target":["https:\/\/www.wupsirad.de\/leverkusen\/de\/partner\/"]}]},{"@type":"BreadcrumbList","@id":"https:\/\/www.wupsirad.de\/leverkusen\/de\/partner\/#breadcrumb","itemListElement":[{"@type":"ListItem","position":1,"name":"Startseite","item":"https:\/\/www.wupsirad.de\/leverkusen\/de\/"},{"@type":"ListItem","position":2,"name":"Partner"}]},{"@type":"WebSite","@id":"https:\/\/www.wupsirad.de\/leverkusen\/de\/#website","url":"https:\/\/www.wupsirad.de\/leverkusen\/de\/","name":"WupsiRad","description":"App downloaden und nextbike by TIER in Lahr fahren!","potentialAction":[{"@type":"SearchAction","target":{"@type":"EntryPoint","urlTemplate":"https:\/\/www.wupsirad.de\/leverkusen\/de\/?s={search_term_string}"},"query-input":{"@type":"PropertyValueSpecification","valueRequired":true,"valueName":"search_term_string"}}],"inLanguage":"de"}]}},"_links":{"self":[{"href":"https:\/\/www.wupsirad.de\/leverkusen\/de\/wp-json\/wp\/v2\/pages\/187","targetHints":{"allow":["GET"]}}],"collection":[{"href":"https:\/\/www.wupsirad.de\/leverkusen\/de\/wp-json\/wp\/v2\/pages"}],"about":[{"href":"https:\/\/www.wupsirad.de\/leverkusen\/de\/wp-json\/wp\/v2\/types\/page"}],"author":[{"embeddable":true,"href":"https:\/\/www.wupsirad.de\/leverkusen\/de\/wp-json\/wp\/v2\/users\/13"}],"replies":[{"embeddable":true,"href":"https:\/\/www.wupsirad.de\/leverkusen\/de\/wp-json\/wp\/v2\/comments?post=187"}],"version-history":[{"count":11,"href":"https:\/\/www.wupsirad.de\/leverkusen\/de\/wp-json\/wp\/v2\/pages\/187\/revisions"}],"predecessor-version":[{"id":354,"href":"https:\/\/www.wupsirad.de\/leverkusen\/de\/wp-json\/wp\/v2\/pages\/187\/revisions\/354"}],"wp:attachment":[{"href":"https:\/\/www.wupsirad.de\/leverkusen\/de\/wp-json\/wp\/v2\/media?parent=187"}],"curies":[{"name":"wp","href":"https:\/\/api.w.org\/{rel}","templated":true}]}}